{"id":18,"date":"2022-06-07T22:01:47","date_gmt":"2022-06-07T22:01:47","guid":{"rendered":"http:\/\/impormagra.com\/?page_id=18"},"modified":"2022-06-11T17:24:56","modified_gmt":"2022-06-11T17:24:56","slug":"inicio","status":"publish","type":"page","link":"https:\/\/impormagra.com\/index.php\/inicio\/","title":{"rendered":"inicio"},"content":{"rendered":"\t\t<div data-elementor-type=\"wp-page\" data-elementor-id=\"18\" class=\"elementor elementor-18\">\n\t\t\t\t\t\t\t\t\t<section class=\"elementor-section elementor-top-section elementor-element elementor-element-9e6706d elementor-section-boxed elementor-section-height-default elementor-section-height-default\" data-id=\"9e6706d\" data-element_type=\"section\">\n\t\t\t\t\t\t<div class=\"elementor-container elementor-column-gap-default\">\n\t\t\t\t\t<div class=\"elementor-column elementor-col-33 elementor-top-column elementor-element elementor-element-a4cad08\" data-id=\"a4cad08\" data-element_type=\"column\">\n\t\t\t<div class=\"elementor-widget-wrap elementor-element-populated\">\n\t\t\t\t\t\t\t\t<div class=\"elementor-element elementor-element-01aadf5 elementor-widget elementor-widget-image\" data-id=\"01aadf5\" data-element_type=\"widget\" data-widget_type=\"image.default\">\n\t\t\t\t<div class=\"elementor-widget-container\">\n\t\t\t<style>\/*! elementor - v3.17.0 - 01-11-2023 *\/\n.elementor-widget-image{text-align:center}.elementor-widget-image a{display:inline-block}.elementor-widget-image a img[src$=\".svg\"]{width:48px}.elementor-widget-image img{vertical-align:middle;display:inline-block}<\/style>\t\t\t\t\t\t\t\t\t\t\t\t<img loading=\"lazy\" decoding=\"async\" width=\"640\" height=\"468\" src=\"https:\/\/impormagra.com\/wp-content\/uploads\/2022\/06\/WhatsApp-Image-2022-05-19-at-12.30.57-PM-1024x749.jpeg\" class=\"attachment-large size-large wp-image-28\" alt=\"\" srcset=\"https:\/\/impormagra.com\/wp-content\/uploads\/2022\/06\/WhatsApp-Image-2022-05-19-at-12.30.57-PM-1024x749.jpeg 1024w, https:\/\/impormagra.com\/wp-content\/uploads\/2022\/06\/WhatsApp-Image-2022-05-19-at-12.30.57-PM-300x219.jpeg 300w, https:\/\/impormagra.com\/wp-content\/uploads\/2022\/06\/WhatsApp-Image-2022-05-19-at-12.30.57-PM-768x562.jpeg 768w, https:\/\/impormagra.com\/wp-content\/uploads\/2022\/06\/WhatsApp-Image-2022-05-19-at-12.30.57-PM-1536x1124.jpeg 1536w, https:\/\/impormagra.com\/wp-content\/uploads\/2022\/06\/WhatsApp-Image-2022-05-19-at-12.30.57-PM.jpeg 1594w\" sizes=\"auto, (max-width: 640px) 100vw, 640px\" \/>\t\t\t\t\t\t\t\t\t\t\t\t\t\t\t<\/div>\n\t\t\t\t<\/div>\n\t\t\t\t\t<\/div>\n\t\t<\/div>\n\t\t\t\t<div class=\"elementor-column elementor-col-33 elementor-top-column elementor-element elementor-element-bb91bd0\" data-id=\"bb91bd0\" data-element_type=\"column\">\n\t\t\t<div class=\"elementor-widget-wrap elementor-element-populated\">\n\t\t\t\t\t\t\t\t<div class=\"elementor-element elementor-element-d198b4b elementor-widget elementor-widget-image\" data-id=\"d198b4b\" data-element_type=\"widget\" data-widget_type=\"image.default\">\n\t\t\t\t<div class=\"elementor-widget-container\">\n\t\t\t\t\t\t\t\t\t\t\t\t\t\t\t<img loading=\"lazy\" decoding=\"async\" width=\"343\" height=\"343\" src=\"https:\/\/impormagra.com\/wp-content\/uploads\/2022\/06\/WhatsApp-Image-2022-05-19-at-12.31.01-PM.jpeg\" class=\"attachment-large size-large wp-image-29\" alt=\"\" srcset=\"https:\/\/impormagra.com\/wp-content\/uploads\/2022\/06\/WhatsApp-Image-2022-05-19-at-12.31.01-PM.jpeg 343w, https:\/\/impormagra.com\/wp-content\/uploads\/2022\/06\/WhatsApp-Image-2022-05-19-at-12.31.01-PM-300x300.jpeg 300w, https:\/\/impormagra.com\/wp-content\/uploads\/2022\/06\/WhatsApp-Image-2022-05-19-at-12.31.01-PM-150x150.jpeg 150w\" sizes=\"auto, (max-width: 343px) 100vw, 343px\" \/>\t\t\t\t\t\t\t\t\t\t\t\t\t\t\t<\/div>\n\t\t\t\t<\/div>\n\t\t\t\t\t<\/div>\n\t\t<\/div>\n\t\t\t\t<div class=\"elementor-column elementor-col-33 elementor-top-column elementor-element elementor-element-ad24fd6\" data-id=\"ad24fd6\" data-element_type=\"column\">\n\t\t\t<div class=\"elementor-widget-wrap elementor-element-populated\">\n\t\t\t\t\t\t\t\t<div class=\"elementor-element elementor-element-edb33bc elementor-widget elementor-widget-image\" data-id=\"edb33bc\" data-element_type=\"widget\" data-widget_type=\"image.default\">\n\t\t\t\t<div class=\"elementor-widget-container\">\n\t\t\t\t\t\t\t\t\t\t\t\t\t\t\t<img loading=\"lazy\" decoding=\"async\" width=\"640\" height=\"384\" src=\"https:\/\/impormagra.com\/wp-content\/uploads\/2022\/06\/WhatsApp-Image-2022-05-19-at-12.30.59-PM-1024x615.jpeg\" class=\"attachment-large size-large wp-image-27\" alt=\"\" srcset=\"https:\/\/impormagra.com\/wp-content\/uploads\/2022\/06\/WhatsApp-Image-2022-05-19-at-12.30.59-PM-1024x615.jpeg 1024w, https:\/\/impormagra.com\/wp-content\/uploads\/2022\/06\/WhatsApp-Image-2022-05-19-at-12.30.59-PM-300x180.jpeg 300w, https:\/\/impormagra.com\/wp-content\/uploads\/2022\/06\/WhatsApp-Image-2022-05-19-at-12.30.59-PM-768x461.jpeg 768w, https:\/\/impormagra.com\/wp-content\/uploads\/2022\/06\/WhatsApp-Image-2022-05-19-at-12.30.59-PM.jpeg 1105w\" sizes=\"auto, (max-width: 640px) 100vw, 640px\" \/>\t\t\t\t\t\t\t\t\t\t\t\t\t\t\t<\/div>\n\t\t\t\t<\/div>\n\t\t\t\t\t<\/div>\n\t\t<\/div>\n\t\t\t\t\t\t\t<\/div>\n\t\t<\/section>\n\t\t\t\t<section class=\"elementor-section elementor-top-section elementor-element elementor-element-d8baf0d elementor-section-boxed elementor-section-height-default elementor-section-height-default\" data-id=\"d8baf0d\" data-element_type=\"section\">\n\t\t\t\t\t\t<div class=\"elementor-container elementor-column-gap-default\">\n\t\t\t\t\t<div class=\"elementor-column elementor-col-100 elementor-top-column elementor-element elementor-element-3504522\" data-id=\"3504522\" data-element_type=\"column\">\n\t\t\t<div class=\"elementor-widget-wrap elementor-element-populated\">\n\t\t\t\t\t\t\t\t<div class=\"elementor-element elementor-element-35c1045 elementor-widget elementor-widget-heading\" data-id=\"35c1045\" data-element_type=\"widget\" data-widget_type=\"heading.default\">\n\t\t\t\t<div class=\"elementor-widget-container\">\n\t\t\t<style>\/*! elementor - v3.17.0 - 01-11-2023 *\/\n.elementor-heading-title{padding:0;margin:0;line-height:1}.elementor-widget-heading .elementor-heading-title[class*=elementor-size-]>a{color:inherit;font-size:inherit;line-height:inherit}.elementor-widget-heading .elementor-heading-title.elementor-size-small{font-size:15px}.elementor-widget-heading .elementor-heading-title.elementor-size-medium{font-size:19px}.elementor-widget-heading .elementor-heading-title.elementor-size-large{font-size:29px}.elementor-widget-heading .elementor-heading-title.elementor-size-xl{font-size:39px}.elementor-widget-heading .elementor-heading-title.elementor-size-xxl{font-size:59px}<\/style><h2 class=\"elementor-heading-title elementor-size-default\">Quienes Somos<\/h2>\t\t<\/div>\n\t\t\t\t<\/div>\n\t\t\t\t\t<\/div>\n\t\t<\/div>\n\t\t\t\t\t\t\t<\/div>\n\t\t<\/section>\n\t\t\t\t<section class=\"elementor-section elementor-top-section elementor-element elementor-element-608c8af elementor-section-boxed elementor-section-height-default elementor-section-height-default\" data-id=\"608c8af\" data-element_type=\"section\">\n\t\t\t\t\t\t<div class=\"elementor-container elementor-column-gap-default\">\n\t\t\t\t\t<div class=\"elementor-column elementor-col-50 elementor-top-column elementor-element elementor-element-138f288\" data-id=\"138f288\" data-element_type=\"column\">\n\t\t\t<div class=\"elementor-widget-wrap elementor-element-populated\">\n\t\t\t\t\t\t\t\t<div class=\"elementor-element elementor-element-66ad4be elementor-widget elementor-widget-text-editor\" data-id=\"66ad4be\" data-element_type=\"widget\" data-widget_type=\"text-editor.default\">\n\t\t\t\t<div class=\"elementor-widget-container\">\n\t\t\t<style>\/*! elementor - v3.17.0 - 01-11-2023 *\/\n.elementor-widget-text-editor.elementor-drop-cap-view-stacked .elementor-drop-cap{background-color:#69727d;color:#fff}.elementor-widget-text-editor.elementor-drop-cap-view-framed .elementor-drop-cap{color:#69727d;border:3px solid;background-color:transparent}.elementor-widget-text-editor:not(.elementor-drop-cap-view-default) .elementor-drop-cap{margin-top:8px}.elementor-widget-text-editor:not(.elementor-drop-cap-view-default) .elementor-drop-cap-letter{width:1em;height:1em}.elementor-widget-text-editor .elementor-drop-cap{float:left;text-align:center;line-height:1;font-size:50px}.elementor-widget-text-editor .elementor-drop-cap-letter{display:inline-block}<\/style>\t\t\t\t<p>\u00a0<\/p><p style=\"text-align: left;\">Empresa fundada en el a\u00f1o 2002 con sede en la ciudad de Cajica;<br \/>dedicada a la importaci\u00f3n, Comercializaci\u00f3n y representaci\u00f3n del<br \/>M\u00e1rmol, Granito, Pizarra, Quarztone, Piedra Sinterizada .<\/p><p style=\"text-align: center;\">Suministramos el material y lo entregamos instalado, para lo cual<br \/>contamos con un grupo selecto de t\u00e9cnicos contratistas<br \/>especializados, que bajo nuestra supervisi\u00f3n y responsabilidad<br \/>cumplen con las normas de calidad exigidas por nuestros clientes..<\/p><p style=\"text-align: center;\">\u00a0<\/p>\t\t\t\t\t\t<\/div>\n\t\t\t\t<\/div>\n\t\t\t\t\t<\/div>\n\t\t<\/div>\n\t\t\t\t<div class=\"elementor-column elementor-col-50 elementor-top-column elementor-element elementor-element-ee38ff3\" data-id=\"ee38ff3\" data-element_type=\"column\">\n\t\t\t<div class=\"elementor-widget-wrap elementor-element-populated\">\n\t\t\t\t\t\t\t\t<div class=\"elementor-element elementor-element-34a0421 elementor-widget elementor-widget-image\" data-id=\"34a0421\" data-element_type=\"widget\" data-widget_type=\"image.default\">\n\t\t\t\t<div class=\"elementor-widget-container\">\n\t\t\t\t\t\t\t\t\t\t\t\t\t\t\t<img loading=\"lazy\" decoding=\"async\" width=\"640\" height=\"429\" src=\"https:\/\/impormagra.com\/wp-content\/uploads\/2022\/06\/WhatsApp-Image-2022-06-11-at-12.10.13-PM-1024x687.jpeg\" class=\"attachment-large size-large wp-image-50\" alt=\"\" srcset=\"https:\/\/impormagra.com\/wp-content\/uploads\/2022\/06\/WhatsApp-Image-2022-06-11-at-12.10.13-PM-1024x687.jpeg 1024w, https:\/\/impormagra.com\/wp-content\/uploads\/2022\/06\/WhatsApp-Image-2022-06-11-at-12.10.13-PM-300x201.jpeg 300w, https:\/\/impormagra.com\/wp-content\/uploads\/2022\/06\/WhatsApp-Image-2022-06-11-at-12.10.13-PM-768x516.jpeg 768w, https:\/\/impormagra.com\/wp-content\/uploads\/2022\/06\/WhatsApp-Image-2022-06-11-at-12.10.13-PM-360x242.jpeg 360w, https:\/\/impormagra.com\/wp-content\/uploads\/2022\/06\/WhatsApp-Image-2022-06-11-at-12.10.13-PM.jpeg 1153w\" sizes=\"auto, (max-width: 640px) 100vw, 640px\" \/>\t\t\t\t\t\t\t\t\t\t\t\t\t\t\t<\/div>\n\t\t\t\t<\/div>\n\t\t\t\t\t<\/div>\n\t\t<\/div>\n\t\t\t\t\t\t\t<\/div>\n\t\t<\/section>\n\t\t\t\t<section class=\"elementor-section elementor-top-section elementor-element elementor-element-ef921cc elementor-section-boxed elementor-section-height-default elementor-section-height-default\" data-id=\"ef921cc\" data-element_type=\"section\">\n\t\t\t\t\t\t<div class=\"elementor-container elementor-column-gap-default\">\n\t\t\t\t\t<div class=\"elementor-column elementor-col-100 elementor-top-column elementor-element elementor-element-30bf60a\" data-id=\"30bf60a\" data-element_type=\"column\">\n\t\t\t<div class=\"elementor-widget-wrap elementor-element-populated\">\n\t\t\t\t\t\t\t\t<div class=\"elementor-element elementor-element-92f0676 elementor-widget elementor-widget-heading\" data-id=\"92f0676\" data-element_type=\"widget\" data-widget_type=\"heading.default\">\n\t\t\t\t<div class=\"elementor-widget-container\">\n\t\t\t<h2 class=\"elementor-heading-title elementor-size-default\">Nuestra Visi\u00f3n<\/h2>\t\t<\/div>\n\t\t\t\t<\/div>\n\t\t\t\t\t<\/div>\n\t\t<\/div>\n\t\t\t\t\t\t\t<\/div>\n\t\t<\/section>\n\t\t\t\t<section class=\"elementor-section elementor-top-section elementor-element elementor-element-cc00635 elementor-section-boxed elementor-section-height-default elementor-section-height-default\" data-id=\"cc00635\" data-element_type=\"section\">\n\t\t\t\t\t\t<div class=\"elementor-container elementor-column-gap-default\">\n\t\t\t\t\t<div class=\"elementor-column elementor-col-50 elementor-top-column elementor-element elementor-element-cf64116\" data-id=\"cf64116\" data-element_type=\"column\">\n\t\t\t<div class=\"elementor-widget-wrap elementor-element-populated\">\n\t\t\t\t\t\t\t\t<div class=\"elementor-element elementor-element-50783c3 elementor-widget elementor-widget-image\" data-id=\"50783c3\" data-element_type=\"widget\" data-widget_type=\"image.default\">\n\t\t\t\t<div class=\"elementor-widget-container\">\n\t\t\t\t\t\t\t\t\t\t\t\t\t\t\t<img loading=\"lazy\" decoding=\"async\" width=\"640\" height=\"360\" src=\"https:\/\/impormagra.com\/wp-content\/uploads\/2022\/06\/WhatsApp-Image-2022-06-11-at-12.12.04-PM-1024x576.jpeg\" class=\"attachment-large size-large wp-image-60\" alt=\"\" srcset=\"https:\/\/impormagra.com\/wp-content\/uploads\/2022\/06\/WhatsApp-Image-2022-06-11-at-12.12.04-PM-1024x576.jpeg 1024w, https:\/\/impormagra.com\/wp-content\/uploads\/2022\/06\/WhatsApp-Image-2022-06-11-at-12.12.04-PM-300x169.jpeg 300w, https:\/\/impormagra.com\/wp-content\/uploads\/2022\/06\/WhatsApp-Image-2022-06-11-at-12.12.04-PM-768x432.jpeg 768w, https:\/\/impormagra.com\/wp-content\/uploads\/2022\/06\/WhatsApp-Image-2022-06-11-at-12.12.04-PM-360x203.jpeg 360w, https:\/\/impormagra.com\/wp-content\/uploads\/2022\/06\/WhatsApp-Image-2022-06-11-at-12.12.04-PM.jpeg 1032w\" sizes=\"auto, (max-width: 640px) 100vw, 640px\" \/>\t\t\t\t\t\t\t\t\t\t\t\t\t\t\t<\/div>\n\t\t\t\t<\/div>\n\t\t\t\t\t<\/div>\n\t\t<\/div>\n\t\t\t\t<div class=\"elementor-column elementor-col-50 elementor-top-column elementor-element elementor-element-c0744d8\" data-id=\"c0744d8\" data-element_type=\"column\">\n\t\t\t<div class=\"elementor-widget-wrap elementor-element-populated\">\n\t\t\t\t\t\t\t\t<div class=\"elementor-element elementor-element-360e3a4 elementor-widget elementor-widget-text-editor\" data-id=\"360e3a4\" data-element_type=\"widget\" data-widget_type=\"text-editor.default\">\n\t\t\t\t<div class=\"elementor-widget-container\">\n\t\t\t\t\t\t\t<p>\u00a0<\/p><p>Empresa emprendedora, justa y din\u00e1mica, con amplia experiencia<br \/>para satisfacer a nuestros clientes en el embellecimiento de su<br \/>hogar; brind\u00e1ndoles acabados en sus espacios, cocina, ba\u00f1os,<br \/>pisos, enchapes, chimeneas.<\/p><p><br \/>Proporcion\u00e1ndole a nuestro clientes productos de alta calidad,<br \/>con una buena asesor\u00eda y precios competitivos<\/p>\t\t\t\t\t\t<\/div>\n\t\t\t\t<\/div>\n\t\t\t\t\t<\/div>\n\t\t<\/div>\n\t\t\t\t\t\t\t<\/div>\n\t\t<\/section>\n\t\t\t\t<section class=\"elementor-section elementor-top-section elementor-element elementor-element-9f780bd elementor-section-boxed elementor-section-height-default elementor-section-height-default\" data-id=\"9f780bd\" data-element_type=\"section\">\n\t\t\t\t\t\t<div class=\"elementor-container elementor-column-gap-default\">\n\t\t\t\t\t<div class=\"elementor-column elementor-col-100 elementor-top-column elementor-element elementor-element-1306c63\" data-id=\"1306c63\" data-element_type=\"column\">\n\t\t\t<div class=\"elementor-widget-wrap elementor-element-populated\">\n\t\t\t\t\t\t\t\t<div class=\"elementor-element elementor-element-37e37d2 elementor-widget elementor-widget-heading\" data-id=\"37e37d2\" data-element_type=\"widget\" data-widget_type=\"heading.default\">\n\t\t\t\t<div class=\"elementor-widget-container\">\n\t\t\t<h2 class=\"elementor-heading-title elementor-size-default\">Visi\u00f3n y Valores<\/h2>\t\t<\/div>\n\t\t\t\t<\/div>\n\t\t\t\t\t<\/div>\n\t\t<\/div>\n\t\t\t\t\t\t\t<\/div>\n\t\t<\/section>\n\t\t\t\t<section class=\"elementor-section elementor-top-section elementor-element elementor-element-31c1a56 elementor-section-boxed elementor-section-height-default elementor-section-height-default\" data-id=\"31c1a56\" data-element_type=\"section\">\n\t\t\t\t\t\t<div class=\"elementor-container elementor-column-gap-default\">\n\t\t\t\t\t<div class=\"elementor-column elementor-col-50 elementor-top-column elementor-element elementor-element-1df5ac6\" data-id=\"1df5ac6\" data-element_type=\"column\">\n\t\t\t<div class=\"elementor-widget-wrap elementor-element-populated\">\n\t\t\t\t\t\t\t\t<div class=\"elementor-element elementor-element-2e9c50c elementor-widget elementor-widget-text-editor\" data-id=\"2e9c50c\" data-element_type=\"widget\" data-widget_type=\"text-editor.default\">\n\t\t\t\t<div class=\"elementor-widget-container\">\n\t\t\t\t\t\t\t<p>Promovemos un clima laboral responsable y respetuoso.<br \/>Proporcionamos la innovaci\u00f3n a trav\u00e9s de la mejora continua en<br \/>nuestros procesos, gracias a la colaboraci\u00f3n en equipo.<\/p><p style=\"text-align: left;\">Favorecemos el ser proactivos al actuar de forma inmediata y<br \/>positiva para generar soluciones.<\/p><p style=\"text-align: left;\">Fomentamos la sustentabilidad al comprometernos con nuestro<br \/>equipo de trabajo, proveedores, clientes.<\/p><p style=\"text-align: left;\">Impulsamos el desarrollo personal, laboral y\u00a0social mediante acciones concretas encaminadas a la excelencia<\/p>\t\t\t\t\t\t<\/div>\n\t\t\t\t<\/div>\n\t\t\t\t\t<\/div>\n\t\t<\/div>\n\t\t\t\t<div class=\"elementor-column elementor-col-50 elementor-top-column elementor-element elementor-element-cd8849c\" data-id=\"cd8849c\" data-element_type=\"column\">\n\t\t\t<div class=\"elementor-widget-wrap elementor-element-populated\">\n\t\t\t\t\t\t\t\t<div class=\"elementor-element elementor-element-ea2115e elementor-widget elementor-widget-image\" data-id=\"ea2115e\" data-element_type=\"widget\" data-widget_type=\"image.default\">\n\t\t\t\t<div class=\"elementor-widget-container\">\n\t\t\t\t\t\t\t\t\t\t\t\t\t\t\t<img decoding=\"async\" src=\"https:\/\/impormagra.com\/wp-content\/plugins\/elementor\/assets\/images\/placeholder.png\" title=\"\" alt=\"\" loading=\"lazy\" \/>\t\t\t\t\t\t\t\t\t\t\t\t\t\t\t<\/div>\n\t\t\t\t<\/div>\n\t\t\t\t\t<\/div>\n\t\t<\/div>\n\t\t\t\t\t\t\t<\/div>\n\t\t<\/section>\n\t\t\t\t\t\t\t<\/div>\n\t\t","protected":false},"excerpt":{"rendered":"<p>Quienes Somos \u00a0 Empresa fundada en el a\u00f1o 2002 con sede en la ciudad de Cajica;dedicada a la importaci\u00f3n, Comercializaci\u00f3n y representaci\u00f3n delM\u00e1rmol, Granito, Pizarra, Quarztone, Piedra Sinterizada . Suministramos el material y lo entregamos instalado, para lo cualcontamos con un grupo selecto de t\u00e9cnicos contratistasespecializados, que bajo nuestra supervisi\u00f3n&hellip;<\/p>\n","protected":false},"author":1,"featured_media":0,"parent":0,"menu_order":0,"comment_status":"closed","ping_status":"closed","template":"","meta":{"om_disable_all_campaigns":false,"_mi_skip_tracking":false,"_monsterinsights_sitenote_active":false,"_monsterinsights_sitenote_note":"","_monsterinsights_sitenote_category":0,"footnotes":""},"class_list":["post-18","page","type-page","status-publish","hentry"],"aioseo_notices":[],"_links":{"self":[{"href":"https:\/\/impormagra.com\/index.php\/wp-json\/wp\/v2\/pages\/18","targetHints":{"allow":["GET"]}}],"collection":[{"href":"https:\/\/impormagra.com\/index.php\/wp-json\/wp\/v2\/pages"}],"about":[{"href":"https:\/\/impormagra.com\/index.php\/wp-json\/wp\/v2\/types\/page"}],"author":[{"embeddable":true,"href":"https:\/\/impormagra.com\/index.php\/wp-json\/wp\/v2\/users\/1"}],"replies":[{"embeddable":true,"href":"https:\/\/impormagra.com\/index.php\/wp-json\/wp\/v2\/comments?post=18"}],"version-history":[{"count":28,"href":"https:\/\/impormagra.com\/index.php\/wp-json\/wp\/v2\/pages\/18\/revisions"}],"predecessor-version":[{"id":74,"href":"https:\/\/impormagra.com\/index.php\/wp-json\/wp\/v2\/pages\/18\/revisions\/74"}],"wp:attachment":[{"href":"https:\/\/impormagra.com\/index.php\/wp-json\/wp\/v2\/media?parent=18"}],"curies":[{"name":"wp","href":"https:\/\/api.w.org\/{rel}","templated":true}]}}